{"id":11,"date":"2017-05-13T15:39:03","date_gmt":"2017-05-13T15:39:03","guid":{"rendered":"http:\/\/scanvetduleman.com\/?page_id=11"},"modified":"2019-01-17T23:16:33","modified_gmt":"2019-01-17T23:16:33","slug":"scanvet-qui-sommes-nous","status":"publish","type":"page","link":"http:\/\/scanvetduleman.com\/?page_id=11","title":{"rendered":"Qui sommes nous ?"},"content":{"rendered":"<div class=\"flex_column av_one_full  flex_column_div av-zero-column-padding first  \" style='border-radius:0px; '><article class=\"iconbox iconbox_top av-no-box  av-icon-style-no-border\"  itemscope=\"itemscope\" itemtype=\"https:\/\/schema.org\/CreativeWork\" ><div class=\"iconbox_content\"><header class=\"entry-content-header\"><div class=\"iconbox_icon heading-color\" aria-hidden='true' data-av_icon='\ue80b' data-av_iconfont='entypo-fontello'  style='color:#edae44; ' ><\/div><h3 class='iconbox_content_title'  itemprop=\"headline\"  >Qui sommes-nous<\/h3><\/header><div class='iconbox_content_container '  itemprop=\"text\"  ><p style=\"text-align: left;\"><strong>Toutes les structures v\u00e9t\u00e9rinaires du Pays de Gex et de la r\u00e9gion l\u00e9manique se sont regroup\u00e9es<\/strong>\u00a0(dans une soci\u00e9t\u00e9\u00a0:\u00a0<strong><em>ScanVet\u00a0du L\u00e9man<\/em><\/strong><em>)<\/em>\u00a0afin de faire b\u00e9n\u00e9ficier leurs clients des derni\u00e8res techniques d\u2019imagerie pour leurs animaux de compagnie.<\/p>\n<\/div><\/div><footer class=\"entry-footer\"><\/footer><\/article><\/div>\n<div class=\"flex_column av_one_third  flex_column_div av-zero-column-padding first  \" style='border-radius:0px; '><section class='avia-team-member '  itemscope=\"itemscope\" itemtype=\"https:\/\/schema.org\/Person\" ><div class='team-img-container'><img class='avia_image avia_image_team' src='http:\/\/scanvetduleman.com\/wp-content\/uploads\/2019\/01\/clinique-v\u00e9t\u00e9rinaire-animavet-st-genis-pouilly-2-300x168.jpg' alt='Clinique Anima-Vet'  itemprop=\"image\"  \/><div class='team-social'><div class='team-social-inner'><span class='hidden av_member_url_markup '  itemprop=\"url\" >https:\/\/www.anima-vet.fr<\/span><a rel='v:url' data-avia-tooltip=\"Visitez le site internet de la Clinique Anima-Vet \u00e0 St Genis Pouilly\" target='_blank' class=' avia-team-icon ' href='https:\/\/www.anima-vet.fr' aria-hidden='true' data-av_icon='\ue840' data-av_iconfont='entypo-fontello'><\/a><\/div><\/div><\/div><h3 class='team-member-name'   itemprop=\"name\" >Clinique Anima-Vet<\/h3><span class='hidden team-member-affiliation'  itemprop=\"affiliation\" >ScanVet du Leman<\/span><\/section><\/div><div class=\"flex_column av_one_third  flex_column_div av-zero-column-padding   \" style='border-radius:0px; '><section class='avia-team-member '  itemscope=\"itemscope\" itemtype=\"https:\/\/schema.org\/Person\" ><div class='team-img-container'><img class='avia_image avia_image_team' src='http:\/\/scanvetduleman.com\/wp-content\/uploads\/2018\/01\/onevet-300x169.jpg' alt='Clinique V\u00e9t\u00e9rinaire OneVet Thoiry &amp; St Genis Pouilly'  itemprop=\"image\"  \/><div class='team-social'><div class='team-social-inner'><span class='hidden av_member_url_markup '  itemprop=\"url\" >http:\/\/www.onevet.fr\/<\/span><a rel='v:url' data-avia-tooltip=\"Visitez le site internet de la clinique OneVet\" target='_blank' class=' avia-team-icon ' href='http:\/\/www.onevet.fr\/' aria-hidden='true' data-av_icon='\ue840' data-av_iconfont='entypo-fontello'><\/a><\/div><\/div><\/div><h3 class='team-member-name'   itemprop=\"name\" >Clinique V\u00e9t\u00e9rinaire OneVet Thoiry &amp; St Genis Pouilly<\/h3><span class='hidden team-member-affiliation'  itemprop=\"affiliation\" >ScanVet du Leman<\/span><\/section><\/div><\/p>\n<div class=\"flex_column av_one_third  flex_column_div av-zero-column-padding   \" style='border-radius:0px; '><section class='avia-team-member '  itemscope=\"itemscope\" itemtype=\"https:\/\/schema.org\/Person\" ><div class='team-img-container'><img class='avia_image avia_image_team' src='http:\/\/scanvetduleman.com\/wp-content\/uploads\/2018\/01\/eole-divonne-300x200.jpg' alt='Cliniques V\u00e9t\u00e9rinaire Eole \u00e0 Divonne et des Vertes Campagnes \u00e0 Gex'  itemprop=\"image\"  \/><div class='team-social'><div class='team-social-inner'><span class='hidden av_member_url_markup '  itemprop=\"url\" >https:\/\/www.astragale.vet\/<\/span><a rel='v:url' data-avia-tooltip=\"Visitez le site internet de la clinique Astragale \u00e0 Divonne-les-Bains et Gex\"  class=' avia-team-icon ' href='https:\/\/www.astragale.vet\/' aria-hidden='true' data-av_icon='\ue840' data-av_iconfont='entypo-fontello'><\/a><\/div><\/div><\/div><h3 class='team-member-name'   itemprop=\"name\" >Cliniques V\u00e9t\u00e9rinaire Eole \u00e0 Divonne et des Vertes Campagnes \u00e0 Gex<\/h3><span class='hidden team-member-affiliation'  itemprop=\"affiliation\" >ScanVet du Leman<\/span><\/section><\/div>\n<div class=\"flex_column av_one_third  flex_column_div av-zero-column-padding first  \" style='border-radius:0px; '><section class='avia-team-member '  itemscope=\"itemscope\" itemtype=\"https:\/\/schema.org\/Person\" ><div class='team-img-container'><img class='avia_image avia_image_team' src='http:\/\/scanvetduleman.com\/wp-content\/uploads\/2019\/01\/clinique-colomby-300x225.jpg' alt='Clinique le Colomby'  itemprop=\"image\"  \/><div class='team-social'><div class='team-social-inner'><span class='hidden av_member_url_markup '  itemprop=\"url\" >www.cliniquelecolomby.com<\/span><a rel='v:url' data-avia-tooltip=\"Visitez le site internet de la Clinique le Colomby \u00e0 Cessy\" target='_blank' class=' avia-team-icon ' href='www.cliniquelecolomby.com' aria-hidden='true' data-av_icon='\ue840' data-av_iconfont='entypo-fontello'><\/a><\/div><\/div><\/div><h3 class='team-member-name'   itemprop=\"name\" >Clinique le Colomby<\/h3><span class='hidden team-member-affiliation'  itemprop=\"affiliation\" >ScanVet du Leman<\/span><\/section><\/div>\n<div class=\"flex_column av_one_full  flex_column_div av-zero-column-padding first  \" style='border-radius:0px; '><article class=\"iconbox iconbox_left   \"  itemscope=\"itemscope\" itemtype=\"https:\/\/schema.org\/CreativeWork\" ><div class=\"iconbox_content\"><header class=\"entry-content-header\"><div class=\"iconbox_icon heading-color\" aria-hidden='true' data-av_icon='\ue81d' data-av_iconfont='entypo-fontello'  ><\/div><h3 class='iconbox_content_title'  itemprop=\"headline\"  >Qu\u2018est ce qu\u2019un scanner ?<\/h3><\/header><div class='iconbox_content_container '  itemprop=\"text\"  ><p style=\"text-align: left;\">Le \u00ab\u00a0<strong>scanner\u00a0<\/strong>\u00bb, ou examen tomodensitom\u00e9trique, est une technique d\u2019imagerie bas\u00e9e sur l\u2019acquisition d\u2019<strong>images en 3 dimensions gr\u00e2ce aux rayons X<\/strong>. L\u2019utilisation de produits de contraste permet d\u2019am\u00e9liorer la qualit\u00e9 des images, permettant ainsi de visualiser des l\u00e9sions qui ne sont accessibles ni par radiologie, ni par \u00e9chographie. Cet examen est aujourd\u2019hui incontournable pour acc\u00e9der \u00e0 un grand nombre de diagnostics.<\/p>\n<p style=\"text-align: left;\">ScanVet\u00a0du L\u00e9man s\u2019est dot\u00e9 d\u2019un appareil General Electric\u00a0Brivo\u00a016\u00a0barettes.<\/p>\n<\/div><\/div><footer class=\"entry-footer\"><\/footer><\/article><\/div>\n<div class=\"flex_column av_one_full  flex_column_div av-zero-column-padding first  \" style='border-radius:0px; '><div  data-size='magazine'  data-lightbox_size='large'  data-animation='slide'  data-ids='54,50,55,51,48,52,49,53'  data-video_counter='0'  data-autoplay='true'  data-bg_slider='false'  data-slide_height=''  data-handle='av_slideshow'  data-interval='2'  data-class=''  data-css_id=''  data-scroll_down=''  data-control_layout='av-control-minimal'  data-custom_markup=''  data-perma_caption=''  data-autoplay_stopper=''  data-image_attachment=''  data-min_height='0px'  data-default-height='52.816901408451'  class='avia-slideshow avia-slideshow-1  av-control-minimal av-default-height-applied avia-slideshow-magazine av_slideshow  avia-slide-slider '  itemscope=\"itemscope\" itemtype=\"https:\/\/schema.org\/ImageObject\" ><ul class='avia-slideshow-inner' style='padding-bottom: 52.816901408451%;'><li  class=' slide-1 ' ><div data-rel='slideshow-1' class='avia-slide-wrap'  ><img src='http:\/\/scanvetduleman.com\/wp-content\/uploads\/2017\/05\/54740582_obi_model2-710x375.jpg' width='710' height='375' title='_54740582_obi_model2' alt=''  itemprop=\"thumbnailUrl\"   \/><\/div><\/li><li  class=' slide-2 ' ><div data-rel='slideshow-1' class='avia-slide-wrap'  ><img src='http:\/\/scanvetduleman.com\/wp-content\/uploads\/2017\/05\/Brivo4-645x375.jpg' width='645' height='375' title='Brivo4' alt=''  itemprop=\"thumbnailUrl\"   \/><\/div><\/li><li  class=' slide-3 ' ><div data-rel='slideshow-1' class='avia-slide-wrap'  ><img src='http:\/\/scanvetduleman.com\/wp-content\/uploads\/2017\/05\/se018-710x375.jpg' width='710' height='375' title='se018' alt=''  itemprop=\"thumbnailUrl\"   \/><\/div><\/li><li  class=' slide-4 ' ><div data-rel='slideshow-1' class='avia-slide-wrap'  ><img src='http:\/\/scanvetduleman.com\/wp-content\/uploads\/2017\/05\/Brivo-710x375.jpg' width='710' height='375' title='Brivo' alt=''  itemprop=\"thumbnailUrl\"   \/><\/div><\/li><li  class=' slide-5 ' ><div data-rel='slideshow-1' class='avia-slide-wrap'  ><img src='http:\/\/scanvetduleman.com\/wp-content\/uploads\/2017\/05\/se007-710x375.jpg' width='710' height='375' title='se007' alt=''  itemprop=\"thumbnailUrl\"   \/><\/div><\/li><li  class=' slide-6 ' ><div data-rel='slideshow-1' class='avia-slide-wrap'  ><img src='http:\/\/scanvetduleman.com\/wp-content\/uploads\/2017\/05\/Brivo3-710x375.jpg' width='710' height='375' title='Brivo3' alt=''  itemprop=\"thumbnailUrl\"   \/><\/div><\/li><li  class=' slide-7 ' ><div data-rel='slideshow-1' class='avia-slide-wrap'  ><img src='http:\/\/scanvetduleman.com\/wp-content\/uploads\/2017\/05\/se028-710x375.jpg' width='710' height='375' title='se028' alt=''  itemprop=\"thumbnailUrl\"   \/><\/div><\/li><li  class=' slide-8 ' ><div data-rel='slideshow-1' class='avia-slide-wrap'  ><img src='http:\/\/scanvetduleman.com\/wp-content\/uploads\/2017\/05\/Brivo2-2-710x375.jpg' width='710' height='375' title='Brivo2' alt=''  itemprop=\"thumbnailUrl\"   \/><\/div><\/li><\/ul><div class='avia-slideshow-arrows avia-slideshow-controls'><a href='#prev' class='prev-slide' aria-hidden='true' data-av_icon='\ue87c' data-av_iconfont='entypo-fontello'>Pr\u00e9c\u00e9dent<\/a><a href='#next' class='next-slide' aria-hidden='true' data-av_icon='\ue87d' data-av_iconfont='entypo-fontello'>Suivant<\/a><\/div><div class='avia-slideshow-dots avia-slideshow-controls'><a href='#1' class='goto-slide active' >1<\/a><a href='#2' class='goto-slide ' >2<\/a><a href='#3' class='goto-slide ' >3<\/a><a href='#4' class='goto-slide ' >4<\/a><a href='#5' class='goto-slide ' >5<\/a><a href='#6' class='goto-slide ' >6<\/a><a href='#7' class='goto-slide ' >7<\/a><a href='#8' class='goto-slide ' >8<\/a><\/div><\/div><\/div>\n","protected":false},"excerpt":{"rendered":"","protected":false},"author":1,"featured_media":0,"parent":0,"menu_order":0,"comment_status":"closed","ping_status":"closed","template":"","meta":{"footnotes":""},"class_list":["post-11","page","type-page","status-publish","hentry"],"_links":{"self":[{"href":"http:\/\/scanvetduleman.com\/index.php?rest_route=\/wp\/v2\/pages\/11","targetHints":{"allow":["GET"]}}],"collection":[{"href":"http:\/\/scanvetduleman.com\/index.php?rest_route=\/wp\/v2\/pages"}],"about":[{"href":"http:\/\/scanvetduleman.com\/index.php?rest_route=\/wp\/v2\/types\/page"}],"author":[{"embeddable":true,"href":"http:\/\/scanvetduleman.com\/index.php?rest_route=\/wp\/v2\/users\/1"}],"replies":[{"embeddable":true,"href":"http:\/\/scanvetduleman.com\/index.php?rest_route=%2Fwp%2Fv2%2Fcomments&post=11"}],"version-history":[{"count":16,"href":"http:\/\/scanvetduleman.com\/index.php?rest_route=\/wp\/v2\/pages\/11\/revisions"}],"predecessor-version":[{"id":176,"href":"http:\/\/scanvetduleman.com\/index.php?rest_route=\/wp\/v2\/pages\/11\/revisions\/176"}],"wp:attachment":[{"href":"http:\/\/scanvetduleman.com\/index.php?rest_route=%2Fwp%2Fv2%2Fmedia&parent=11"}],"curies":[{"name":"wp","href":"https:\/\/api.w.org\/{rel}","templated":true}]}}