{"id":61,"date":"2017-05-13T18:12:17","date_gmt":"2017-05-13T18:12:17","guid":{"rendered":"http:\/\/scanvetduleman.com\/?page_id=61"},"modified":"2017-05-15T17:20:56","modified_gmt":"2017-05-15T17:20:56","slug":"comment-se-deroule-lexamen-scanner","status":"publish","type":"page","link":"http:\/\/scanvetduleman.com\/?page_id=61","title":{"rendered":"Comment se d\u00e9roule l&rsquo;examen scanner ?"},"content":{"rendered":"<div class=\"flex_column av_two_third  flex_column_div av-zero-column-padding first  \" style='border-radius:0px; '><section class=\"av_textblock_section\"  itemscope=\"itemscope\" itemtype=\"https:\/\/schema.org\/CreativeWork\" ><div class='avia_textblock '   itemprop=\"text\" ><p>Le scanner ou examen <strong>tomodensitom\u00e9trique<\/strong> utilise, comme la radio, des rayons X pour former des <strong>images en coupes transversales<\/strong>, c\u2019est-\u00e0-dire perpendiculaire \u00e0 la colonne vert\u00e9brale de l\u2019animal. Celles-ci peuvent ensuite \u00eatre reconstruites dans les plans longitudinaux, c\u2019est-\u00e0-dire dans le sens de la longueur.<\/p>\n<p>L\u2019appareil scanner est constitu\u00e9 d\u2019un <strong>tube \u00e0 rayons x<\/strong> (similaire \u00e0 celui utilis\u00e9 en radiologie conventionnelle) qui tourne autour du patient pendant l\u2019exposition.<\/p>\n<p>Des d\u00e9tecteurs plac\u00e9s autour du cercle permettent de recueillir de tr\u00e8s nombreuses images de projection qui sont communiqu\u00e9es \u00e0 un ordinateur qui reconstitue une image repr\u00e9sentant une coupe \u00ab\u00a0radiographique\u00a0\u00bb de la structure \u00e9tudi\u00e9e.<\/p>\n<p>L\u2019appareil est constitu\u00e9 d\u2019un <strong>anneau contenant les tubes de rayons X<\/strong> qui vont tourner autour de votre animal afin d\u2019obtenir les images.<br \/>\nLes avantages de la technique scanner r\u00e9sident d\u2019une part dans son pouvoir de d\u00e9superposition des structures anatomiques et d\u2019autre part dans la meilleure r\u00e9solution en contraste.<\/p>\n<p>Le scanner permet d\u2019obtenir des informations impossibles \u00e0 percevoir par la radiologie conventionnelle.<\/p>\n<p><strong>Votre animal est donc couch\u00e9 sur une table qui va lentement passer au travers de cet anneau.<\/strong><\/p>\n<p>L\u2019examen est totalement <strong>indolore<\/strong> n\u00e9cessite une <strong>immobilit\u00e9 totale<\/strong>. C\u2019est pourquoi il est r\u00e9alis\u00e9 <strong>sous anesth\u00e9sie g\u00e9n\u00e9rale<\/strong>.<\/p>\n<p>Pour la plupart des examens, un v\u00e9t\u00e9rinaire injecte un<strong> produit de contraste<\/strong> permettant l\u2019acquisition d\u2019images de meilleure d\u00e9finition. Contrairement \u00e0 l\u2019homme, ce produit n\u2019entra\u00eene que tr\u00e8s rarement des r\u00e9actions allergiques chez l\u2019animal, il peut toutefois occasionnellement engendrer des vomissements.<\/p>\n<p>Pour ces 2 raisons votre animal doit donc \u00eatre <strong>\u00e0 jeun depuis la veille au soir<\/strong>. Il peut cependant\u00a0 prendre ses traitements.<\/p>\n<p>La dur\u00e9e de l\u2019examen est en moyenne de 1 heure environ. Votre animal vous est rendu lorsqu\u2019il est parfaitement r\u00e9veill\u00e9 soit environ 2 heures plus tard.<\/p>\n<p><strong>Les examens d\u2019imagerie ont lieu sur rendez vous du lundi au vendredi<\/strong>.<\/p>\n<\/div><\/section><\/div>\n<div class=\"flex_column av_one_third  flex_column_div av-zero-column-padding   \" style='border-radius:0px; '><div  class='avia-video avia-video-4-3  '  itemprop=\"video\" itemtype=\"https:\/\/schema.org\/VideoObject\" ><div class='avia-iframe-wrap'><iframe loading=\"lazy\" width=\"1333\" height=\"1000\" src=\"https:\/\/www.youtube.com\/embed\/Hw_YAP3ZqPo?feature=oembed\" frameborder=\"0\" allowfullscreen><\/iframe><\/div><\/div><\/div><section class=\"av_textblock_section\"  itemscope=\"itemscope\" itemtype=\"https:\/\/schema.org\/CreativeWork\" ><div class='avia_textblock '   itemprop=\"text\" ><p style=\"text-align: left;\"><img loading=\"lazy\" decoding=\"async\" class=\"alignnone size-medium wp-image-78\" src=\"http:\/\/scanvetduleman.com\/wp-content\/uploads\/2017\/05\/se023-150x300.jpg\" alt=\"\" width=\"150\" height=\"300\" srcset=\"http:\/\/scanvetduleman.com\/wp-content\/uploads\/2017\/05\/se023-150x300.jpg 150w, http:\/\/scanvetduleman.com\/wp-content\/uploads\/2017\/05\/se023-353x705.jpg 353w, http:\/\/scanvetduleman.com\/wp-content\/uploads\/2017\/05\/se023-450x900.jpg 450w, http:\/\/scanvetduleman.com\/wp-content\/uploads\/2017\/05\/se023.jpg 512w\" sizes=\"auto, (max-width: 150px) 100vw, 150px\" \/> <img loading=\"lazy\" decoding=\"async\" class=\"alignnone size-medium wp-image-79\" src=\"http:\/\/scanvetduleman.com\/wp-content\/uploads\/2017\/05\/se025-300x300.jpg\" alt=\"\" width=\"300\" height=\"300\" srcset=\"http:\/\/scanvetduleman.com\/wp-content\/uploads\/2017\/05\/se025-300x300.jpg 300w, http:\/\/scanvetduleman.com\/wp-content\/uploads\/2017\/05\/se025-80x80.jpg 80w, http:\/\/scanvetduleman.com\/wp-content\/uploads\/2017\/05\/se025-768x768.jpg 768w, http:\/\/scanvetduleman.com\/wp-content\/uploads\/2017\/05\/se025-36x36.jpg 36w, http:\/\/scanvetduleman.com\/wp-content\/uploads\/2017\/05\/se025-180x180.jpg 180w, http:\/\/scanvetduleman.com\/wp-content\/uploads\/2017\/05\/se025-705x705.jpg 705w, http:\/\/scanvetduleman.com\/wp-content\/uploads\/2017\/05\/se025-120x120.jpg 120w, http:\/\/scanvetduleman.com\/wp-content\/uploads\/2017\/05\/se025-450x450.jpg 450w, http:\/\/scanvetduleman.com\/wp-content\/uploads\/2017\/05\/se025.jpg 1024w\" sizes=\"auto, (max-width: 300px) 100vw, 300px\" \/> <img loading=\"lazy\" decoding=\"async\" class=\"alignnone size-medium wp-image-82\" src=\"http:\/\/scanvetduleman.com\/wp-content\/uploads\/2017\/05\/20150805_113844-169x300.jpg\" alt=\"\" width=\"169\" height=\"300\" srcset=\"http:\/\/scanvetduleman.com\/wp-content\/uploads\/2017\/05\/20150805_113844-169x300.jpg 169w, http:\/\/scanvetduleman.com\/wp-content\/uploads\/2017\/05\/20150805_113844-768x1365.jpg 768w, http:\/\/scanvetduleman.com\/wp-content\/uploads\/2017\/05\/20150805_113844-579x1030.jpg 579w, http:\/\/scanvetduleman.com\/wp-content\/uploads\/2017\/05\/20150805_113844-844x1500.jpg 844w, http:\/\/scanvetduleman.com\/wp-content\/uploads\/2017\/05\/20150805_113844-397x705.jpg 397w, http:\/\/scanvetduleman.com\/wp-content\/uploads\/2017\/05\/20150805_113844-450x800.jpg 450w, http:\/\/scanvetduleman.com\/wp-content\/uploads\/2017\/05\/20150805_113844.jpg 1836w\" sizes=\"auto, (max-width: 169px) 100vw, 169px\" \/><img loading=\"lazy\" decoding=\"async\" class=\"alignnone size-medium wp-image-80\" src=\"http:\/\/scanvetduleman.com\/wp-content\/uploads\/2017\/05\/se000-300x300.jpg\" alt=\"\" width=\"300\" height=\"300\" srcset=\"http:\/\/scanvetduleman.com\/wp-content\/uploads\/2017\/05\/se000-300x300.jpg 300w, http:\/\/scanvetduleman.com\/wp-content\/uploads\/2017\/05\/se000-80x80.jpg 80w, http:\/\/scanvetduleman.com\/wp-content\/uploads\/2017\/05\/se000-768x768.jpg 768w, http:\/\/scanvetduleman.com\/wp-content\/uploads\/2017\/05\/se000-36x36.jpg 36w, http:\/\/scanvetduleman.com\/wp-content\/uploads\/2017\/05\/se000-180x180.jpg 180w, http:\/\/scanvetduleman.com\/wp-content\/uploads\/2017\/05\/se000-705x705.jpg 705w, http:\/\/scanvetduleman.com\/wp-content\/uploads\/2017\/05\/se000-120x120.jpg 120w, http:\/\/scanvetduleman.com\/wp-content\/uploads\/2017\/05\/se000-450x450.jpg 450w, http:\/\/scanvetduleman.com\/wp-content\/uploads\/2017\/05\/se000.jpg 1024w\" sizes=\"auto, (max-width: 300px) 100vw, 300px\" \/> <img loading=\"lazy\" decoding=\"async\" class=\"alignnone size-medium wp-image-81\" src=\"http:\/\/scanvetduleman.com\/wp-content\/uploads\/2017\/05\/se001-300x300.jpg\" alt=\"\" width=\"300\" height=\"300\" srcset=\"http:\/\/scanvetduleman.com\/wp-content\/uploads\/2017\/05\/se001-300x300.jpg 300w, http:\/\/scanvetduleman.com\/wp-content\/uploads\/2017\/05\/se001-80x80.jpg 80w, http:\/\/scanvetduleman.com\/wp-content\/uploads\/2017\/05\/se001-768x768.jpg 768w, http:\/\/scanvetduleman.com\/wp-content\/uploads\/2017\/05\/se001-36x36.jpg 36w, http:\/\/scanvetduleman.com\/wp-content\/uploads\/2017\/05\/se001-180x180.jpg 180w, http:\/\/scanvetduleman.com\/wp-content\/uploads\/2017\/05\/se001-705x705.jpg 705w, http:\/\/scanvetduleman.com\/wp-content\/uploads\/2017\/05\/se001-120x120.jpg 120w, http:\/\/scanvetduleman.com\/wp-content\/uploads\/2017\/05\/se001-450x450.jpg 450w, http:\/\/scanvetduleman.com\/wp-content\/uploads\/2017\/05\/se001.jpg 1024w\" sizes=\"auto, (max-width: 300px) 100vw, 300px\" \/><\/p>\n<\/div><\/section><\/p>\n","protected":false},"excerpt":{"rendered":"","protected":false},"author":1,"featured_media":0,"parent":0,"menu_order":0,"comment_status":"closed","ping_status":"closed","template":"","meta":{"footnotes":""},"class_list":["post-61","page","type-page","status-publish","hentry"],"_links":{"self":[{"href":"http:\/\/scanvetduleman.com\/index.php?rest_route=\/wp\/v2\/pages\/61","targetHints":{"allow":["GET"]}}],"collection":[{"href":"http:\/\/scanvetduleman.com\/index.php?rest_route=\/wp\/v2\/pages"}],"about":[{"href":"http:\/\/scanvetduleman.com\/index.php?rest_route=\/wp\/v2\/types\/page"}],"author":[{"embeddable":true,"href":"http:\/\/scanvetduleman.com\/index.php?rest_route=\/wp\/v2\/users\/1"}],"replies":[{"embeddable":true,"href":"http:\/\/scanvetduleman.com\/index.php?rest_route=%2Fwp%2Fv2%2Fcomments&post=61"}],"version-history":[{"count":9,"href":"http:\/\/scanvetduleman.com\/index.php?rest_route=\/wp\/v2\/pages\/61\/revisions"}],"predecessor-version":[{"id":139,"href":"http:\/\/scanvetduleman.com\/index.php?rest_route=\/wp\/v2\/pages\/61\/revisions\/139"}],"wp:attachment":[{"href":"http:\/\/scanvetduleman.com\/index.php?rest_route=%2Fwp%2Fv2%2Fmedia&parent=61"}],"curies":[{"name":"wp","href":"https:\/\/api.w.org\/{rel}","templated":true}]}}