{"id":63,"date":"2017-05-13T18:13:03","date_gmt":"2017-05-13T18:13:03","guid":{"rendered":"http:\/\/scanvetduleman.com\/?page_id=63"},"modified":"2017-05-13T18:31:58","modified_gmt":"2017-05-13T18:31:58","slug":"indications-du-scanner","status":"publish","type":"page","link":"http:\/\/scanvetduleman.com\/?page_id=63","title":{"rendered":"Indications du Scanner"},"content":{"rendered":"<h3><strong>Elles sont nombreuses et nous vous pr\u00e9sentons ici une liste non exhaustive des <span style=\"color: #ff6600;\">indications principales par r\u00e9gions anatomiques<\/span><\/strong><\/h3>\n<h3><strong>\u00a0<\/strong><\/h3>\n<p><strong>Cr\u00e2ne\u00a0:<\/strong><\/p>\n<p>Visualisation de l\u2019enc\u00e9phale (tumeurs, malformations, hydroc\u00e9phalie, accident vasculaire, m\u00e9ningo-enc\u00e9phalite\u2026), des bulles tympaniques, des sinus, de la sph\u00e8re\u00a0oro-pharyng\u00e9e, mandibulaire ou maxillaire.<\/p>\n<p><strong>\u00a0<\/strong><strong>Rachis :<\/strong><\/p>\n<p>Compression m\u00e9dullaire (hernie discale, lombosacr\u00e9e,\u00a0spondylomy\u00e9lopathie, syndrome de\u00a0wobbler, tumeur m\u00e9dullaire ou extra-m\u00e9dullaire, fractures), hypoplasie de la dent de l\u2019axis\u2026<\/p>\n<p><strong>Squelette appendiculaire :<\/strong><\/p>\n<p>Dysplasie du coude, fracture complexe (du bassin en particulier),\u00a0ost\u00e9ochondrite\u00a0diss\u00e9quante\u00a0(\u00e9paule, talus\u2026),\u00a0arthroscanner\u00a0(en particulier du genou pour visualiser les m\u00e9nisques \u2026).<\/p>\n<p><strong>Canc\u00e9rologie :<\/strong><\/p>\n<p>Bilan d\u2019extension pulmonaire (d\u00e9tection de nodule jusqu\u2019\u00e0 1,5 mm), abdominal (d\u00e9terminer le caract\u00e8re b\u00e9nin ou malin d\u2019une masse spl\u00e9nique en mesurant sa densit\u00e9),\u00a0intra-cr\u00e2nien\u00a0(tumeur de l\u2019enc\u00e9phale), recherche d\u2019une ad\u00e9nopathie\u00a0r\u00e9trophrayng\u00e9e\u00a0lors de tumeur maxillaire ou mandibulaire, recherche de tumeur nasale, bilan d\u2019extension de fibrosarcome, de volumineux lipome, mise en \u00e9vidence d\u2019une masse\u00a0intrapelvienne.<\/p>\n<p><strong>Dentisterie :<\/strong><\/p>\n<p>D\u00e9terminer l\u2019\u00e9tendue d\u2019une masse de la sph\u00e8re\u00a0oropharyng\u00e9e, mandibulaire ou maxillaire en vue d\u2019une chirurgie.<\/p>\n<p><strong>Thorax :<\/strong><\/p>\n<p>Bilan d\u2019extension de masse pulmonaire, recherche de m\u00e9tastases, migration d\u2019\u00e9pillet, corps \u00e9tranger bronchique, torsion de lobe pulmonaire, pneumonies, abc\u00e8s\u2026 mais aussi masse\u00a0m\u00e9diastinale, pleurale\u2026<\/p>\n<p><strong>Abdomen :<\/strong><\/p>\n<p>Bilan d\u2019extension de masse abdominale, recherche de m\u00e9tastases, migration de corps \u00e9tranger, visualisation de tumeurs particuli\u00e8res telles que les\u00a0insulinomes, exploration des glandes surr\u00e9nales\u2026<\/p>\n<p><strong>Endocrinologie, vasculaire :<\/strong><\/p>\n<p>Recherche de shunt porto-syst\u00e9mique cong\u00e9nital ou acquis (coupl\u00e9 \u00e0 l\u2019\u00e9chographie abdominale),\u00a0angioscanner\u00a0(insulinomes).<\/p>\n","protected":false},"excerpt":{"rendered":"<p>Elles sont nombreuses et nous vous pr\u00e9sentons ici une liste non exhaustive des indications principales par r\u00e9gions anatomiques \u00a0 Cr\u00e2ne\u00a0: Visualisation de l\u2019enc\u00e9phale (tumeurs, malformations, hydroc\u00e9phalie, accident vasculaire, m\u00e9ningo-enc\u00e9phalite\u2026), des bulles tympaniques, des sinus, de la sph\u00e8re\u00a0oro-pharyng\u00e9e, mandibulaire ou maxillaire. \u00a0Rachis : Compression m\u00e9dullaire (hernie discale, lombosacr\u00e9e,\u00a0spondylomy\u00e9lopathie, syndrome de\u00a0wobbler, tumeur m\u00e9dullaire ou extra-m\u00e9dullaire, fractures), hypoplasie [&hellip;]<\/p>\n","protected":false},"author":1,"featured_media":0,"parent":0,"menu_order":0,"comment_status":"closed","ping_status":"closed","template":"","meta":{"footnotes":""},"class_list":["post-63","page","type-page","status-publish","hentry"],"_links":{"self":[{"href":"http:\/\/scanvetduleman.com\/index.php?rest_route=\/wp\/v2\/pages\/63","targetHints":{"allow":["GET"]}}],"collection":[{"href":"http:\/\/scanvetduleman.com\/index.php?rest_route=\/wp\/v2\/pages"}],"about":[{"href":"http:\/\/scanvetduleman.com\/index.php?rest_route=\/wp\/v2\/types\/page"}],"author":[{"embeddable":true,"href":"http:\/\/scanvetduleman.com\/index.php?rest_route=\/wp\/v2\/users\/1"}],"replies":[{"embeddable":true,"href":"http:\/\/scanvetduleman.com\/index.php?rest_route=%2Fwp%2Fv2%2Fcomments&post=63"}],"version-history":[{"count":5,"href":"http:\/\/scanvetduleman.com\/index.php?rest_route=\/wp\/v2\/pages\/63\/revisions"}],"predecessor-version":[{"id":87,"href":"http:\/\/scanvetduleman.com\/index.php?rest_route=\/wp\/v2\/pages\/63\/revisions\/87"}],"wp:attachment":[{"href":"http:\/\/scanvetduleman.com\/index.php?rest_route=%2Fwp%2Fv2%2Fmedia&parent=63"}],"curies":[{"name":"wp","href":"https:\/\/api.w.org\/{rel}","templated":true}]}}