{"id":65,"date":"2017-05-13T18:16:08","date_gmt":"2017-05-13T18:16:08","guid":{"rendered":"http:\/\/scanvetduleman.com\/?page_id=65"},"modified":"2017-05-13T19:10:13","modified_gmt":"2017-05-13T19:10:13","slug":"prendre-rendez-vous","status":"publish","type":"page","link":"http:\/\/scanvetduleman.com\/?page_id=65","title":{"rendered":"Prendre rendez-vous"},"content":{"rendered":"<div class=\"flex_column av_one_full  flex_column_div av-zero-column-padding first  \" style='border-radius:0px; '><article class=\"iconbox iconbox_top main_color   \"  itemscope=\"itemscope\" itemtype=\"https:\/\/schema.org\/CreativeWork\" ><div class=\"iconbox_content\"><header class=\"entry-content-header\"><div class=\"iconbox_icon heading-color\" aria-hidden='true' data-av_icon='\ue854' data-av_iconfont='entypo-fontello'  ><\/div><h3 class='iconbox_content_title'  itemprop=\"headline\"  >Prendre rendez-vous pour un scanner<\/h3><\/header><div class='iconbox_content_container '  itemprop=\"text\"  ><h3 style=\"text-align: left;\"><span style=\"color: #ff6600;\"><strong>Comment prendre rendez-vous\u00a0?<\/strong><\/span><\/h3>\n<p style=\"text-align: left;\">C\u2019est\u00a0<strong><u>votre v\u00e9t\u00e9rinaire<\/u><\/strong>\u00a0qui\u00a0:<\/p>\n<p style=\"text-align: left;\">&#8211;\u00a0\u00a0\u00a0\u00a0\u00a0\u00a0\u00a0\u00a0\u00a0Organisera votre rendez-vous au scanner et vous remettra <a href=\"http:\/\/scanvetduleman.com\/FicheliaisonScanVet.pdf\">la fiche de liaison<\/a><\/p>\n<p style=\"text-align: left;\">&#8211;\u00a0\u00a0\u00a0\u00a0\u00a0\u00a0\u00a0\u00a0\u00a0Vous remettra le compte rendu de l\u2019examen en vous le commentant et qui choisira avec vous la meilleure solution pour votre compagnon.<\/p>\n<p style=\"text-align: left;\"><strong>Aucun rendez vous ne pourra \u00eatre donn\u00e9 sans l\u2019accord pr\u00e9alable de votre v\u00e9t\u00e9rinaire traitant.<\/strong><\/p>\n<h3 style=\"text-align: left;\"><span style=\"color: #ff6600;\"><strong>O\u00f9 sont r\u00e9alis\u00e9s les examens\u00a0?<\/strong><\/span><\/h3>\n<p style=\"text-align: left;\">Les examens sont r\u00e9alis\u00e9s dans un local qui jouxte les locaux de la\u00a0<a href=\"http:\/\/www.onevet.fr\/\">Clinique V\u00e9t\u00e9rinaire\u00a0OneVet\u00a0\u00e0<strong>\u00a0<\/strong><strong>Saint-Genis-Pouilly<\/strong><\/a>. Ils sont interpr\u00e9t\u00e9s par un v\u00e9t\u00e9rinaire imageur.<\/p>\n<\/div><\/div><footer class=\"entry-footer\"><\/footer><\/article><\/div><div class=\"flex_column av_one_full  flex_column_div av-zero-column-padding first  \" style='border-radius:0px; '><div class='avia-image-container  av-styling-   avia-align-center '  itemscope=\"itemscope\" itemtype=\"https:\/\/schema.org\/ImageObject\"  ><div class='avia-image-container-inner'><img class='avia_image ' src='http:\/\/scanvetduleman.com\/wp-content\/uploads\/2017\/05\/agenda-stylo-300x127.png' alt='' title='agenda-stylo'   itemprop=\"thumbnailUrl\"  \/><\/div><\/div><\/div><\/p>\n","protected":false},"excerpt":{"rendered":"","protected":false},"author":1,"featured_media":0,"parent":0,"menu_order":0,"comment_status":"closed","ping_status":"closed","template":"","meta":{"footnotes":""},"class_list":["post-65","page","type-page","status-publish","hentry"],"_links":{"self":[{"href":"http:\/\/scanvetduleman.com\/index.php?rest_route=\/wp\/v2\/pages\/65","targetHints":{"allow":["GET"]}}],"collection":[{"href":"http:\/\/scanvetduleman.com\/index.php?rest_route=\/wp\/v2\/pages"}],"about":[{"href":"http:\/\/scanvetduleman.com\/index.php?rest_route=\/wp\/v2\/types\/page"}],"author":[{"embeddable":true,"href":"http:\/\/scanvetduleman.com\/index.php?rest_route=\/wp\/v2\/users\/1"}],"replies":[{"embeddable":true,"href":"http:\/\/scanvetduleman.com\/index.php?rest_route=%2Fwp%2Fv2%2Fcomments&post=65"}],"version-history":[{"count":7,"href":"http:\/\/scanvetduleman.com\/index.php?rest_route=\/wp\/v2\/pages\/65\/revisions"}],"predecessor-version":[{"id":105,"href":"http:\/\/scanvetduleman.com\/index.php?rest_route=\/wp\/v2\/pages\/65\/revisions\/105"}],"wp:attachment":[{"href":"http:\/\/scanvetduleman.com\/index.php?rest_route=%2Fwp%2Fv2%2Fmedia&parent=65"}],"curies":[{"name":"wp","href":"https:\/\/api.w.org\/{rel}","templated":true}]}}